{"id":1227,"date":"2025-01-21T12:50:21","date_gmt":"2025-01-21T12:50:21","guid":{"rendered":"https:\/\/nishamanufacturing.com\/?page_id=1227"},"modified":"2025-11-05T10:54:49","modified_gmt":"2025-11-05T10:54:49","slug":"privacy-policy","status":"publish","type":"page","link":"https:\/\/nishamanufacturing.com\/pl\/privacy-policy\/","title":{"rendered":"Polityka Prywatno\u015bci"},"content":{"rendered":"<style>.kadence-column1227_e7bba2-3b > .kt-inside-inner-col,.kadence-column1227_e7bba2-3b > .kt-inside-inner-col:before{border-top-left-radius:0px;border-top-right-radius:0px;border-bottom-right-radius:0px;border-bottom-left-radius:0px;}.kadence-column1227_e7bba2-3b > .kt-inside-inner-col{column-gap:var(--global-kb-gap-sm, 1rem);}.kadence-column1227_e7bba2-3b > .kt-inside-inner-col{flex-direction:column;}.kadence-column1227_e7bba2-3b > .kt-inside-inner-col > .aligncenter{width:100%;}.kadence-column1227_e7bba2-3b > .kt-inside-inner-col:before{opacity:0.3;}.kadence-column1227_e7bba2-3b{position:relative;}@media all and (max-width: 1024px){.kadence-column1227_e7bba2-3b > .kt-inside-inner-col{flex-direction:column;justify-content:center;}}@media all and (max-width: 767px){.kadence-column1227_e7bba2-3b > .kt-inside-inner-col{flex-direction:column;justify-content:center;}}<\/style>\n<div class=\"wp-block-kadence-column kadence-column1227_e7bba2-3b\"><div class=\"kt-inside-inner-col\">\n<p><strong>Ostatnia aktualizacja: 11 marca 2025 r.<\/strong><\/p>\n\n\n\n<p>Niniejsza Polityka Prywatno\u015bci firmy Nisha Ryglewicz\u00a0sp.k. (\u201emy\u201d, \u201enas\u201d, \u201enasza\u201d) opisuje, w jaki spos\u00f3b i dlaczego mo\u017cemy uzyskiwa\u0107 dost\u0119p, gromadzi\u0107, przechowywa\u0107, wykorzystywa\u0107 i\/lub udost\u0119pnia\u0107 (\u201eprzetwarza\u0107\u201d) Twoje dane osobowe, gdy korzystasz z naszych us\u0142ug (\u201eUs\u0142ugi\u201d), w tym gdy:<\/p>\n\n\n\n<ul class=\"wp-block-list\">\n<li>odwiedzasz nasz\u0105 stron\u0119 internetow\u0105 pod adresem nishamanufacturing.com lub dowoln\u0105 inn\u0105 stron\u0119, kt\u00f3ra odwo\u0142uje si\u0119 do niniejszej Polityki Prywatno\u015bci,<\/li>\n<\/ul>\n\n\n\n<ul class=\"wp-block-list\">\n<li>wchodzisz z nami w interakcje w inny powi\u0105zany spos\u00f3b \u2013 na przyk\u0142ad w ramach sprzeda\u017cy, dzia\u0142a\u0144 marketingowych lub wydarze\u0144.<\/li>\n<\/ul>\n\n\n\n<p>Masz pytania lub w\u0105tpliwo\u015bci? Przeczytanie niniejszej Polityki Prywatno\u015bci pomo\u017ce Ci zrozumie\u0107 Twoje prawa i wybory dotycz\u0105ce prywatno\u015bci. Jeste\u015bmy odpowiedzialni za podejmowanie decyzji dotycz\u0105cych sposobu przetwarzania Twoich danych osobowych. Je\u015bli nie zgadzasz si\u0119 z nasz\u0105 polityk\u0105 i praktykami, prosimy, aby\u015b nie korzysta\u0142 z naszych Us\u0142ug. Je\u015bli masz pytania lub w\u0105tpliwo\u015bci, skontaktuj si\u0119 z nami pod adresem hello@nishamanufacturing.com.<\/p>\n\n\n\n<h2 class=\"wp-block-heading\"><strong>PODSUMOWANIE KLUCZOWYCH PUNKT\u00d3W<\/strong><\/h2>\n\n\n\n<p><strong><em>To podsumowanie przedstawia najwa\u017cniejsze informacje z naszej Polityki Prywatno\u015bci. Aby dowiedzie\u0107 si\u0119 wi\u0119cej na ka\u017cdy z temat\u00f3w, mo\u017cesz przej\u015b\u0107 do odpowiednich sekcji poni\u017cej.<\/em><\/strong><\/p>\n\n\n\n<p><strong>Jakie dane osobowe przetwarzamy?<\/strong> Kiedy odwiedzasz, korzystasz lub poruszasz si\u0119 po naszych Us\u0142ugach, mo\u017cemy przetwarza\u0107 dane osobowe w zale\u017cno\u015bci od tego, w jaki spos\u00f3b wchodzisz z nami w interakcje oraz z jakich produkt\u00f3w i funkcji korzystasz.<\/p>\n\n\n\n<p><strong>Czy przetwarzamy dane wra\u017cliwe?<\/strong> Nie przetwarzamy danych osobowych o charakterze wra\u017cliwym (takich jak pochodzenie rasowe, orientacja seksualna, przekonania religijne itp.).<\/p>\n\n\n\n<p><strong>Czy pozyskujemy dane od stron trzecich?<\/strong> Nie, nie pozyskujemy \u017cadnych danych od podmiot\u00f3w trzecich.<\/p>\n\n\n\n<p><strong>W jaki spos\u00f3b przetwarzamy Twoje dane?<\/strong> Przetwarzamy Twoje dane w celu \u015bwiadczenia, ulepszania i administrowania Us\u0142ugami, komunikacji z Tob\u0105, zapewnienia bezpiecze\u0144stwa i przeciwdzia\u0142ania oszustwom oraz wype\u0142niania obowi\u0105zk\u00f3w prawnych.<\/p>\n\n\n\n<p><strong>W jakich sytuacjach i z kim udost\u0119pniamy dane osobowe? <\/strong>Udost\u0119pniamy dane wy\u0142\u0105cznie w okre\u015blonych sytuacjach i wybranym kategoriom podmiot\u00f3w trzecich opisanym poni\u017cej.<\/p>\n\n\n\n<p><strong>Jak dbamy o bezpiecze\u0144stwo danych?<\/strong> Stosujemy odpowiednie \u015brodki organizacyjne i techniczne, aby chroni\u0107 Twoje dane osobowe. Jednak \u017cadna transmisja danych przez Internet ani \u017cadna technologia przechowywania informacji nie jest w 100% bezpieczna, dlatego nie mo\u017cemy zagwarantowa\u0107 pe\u0142nego bezpiecze\u0144stwa.<\/p>\n\n\n\n<p><strong>Jakie masz prawa?<\/strong> W zale\u017cno\u015bci od miejsca zamieszkania mo\u017cesz mie\u0107 okre\u015blone prawa w zakresie dost\u0119pu, poprawiania lub usuwania swoich danych osobowych.<\/p>\n\n\n\n<p><strong>Jak mo\u017cesz skorzysta\u0107 ze swoich praw?<\/strong> Naj\u0142atwiej jest przes\u0142a\u0107 nam \u017c\u0105danie dotycz\u0105ce danych osobowych lub skontaktowa\u0107 si\u0119 z nami bezpo\u015brednio. Rozpatrzymy ka\u017cde \u017c\u0105danie zgodnie z obowi\u0105zuj\u0105cymi przepisami o ochronie danych.<\/p>\n\n\n<style>.kb-table-of-content-nav.kb-table-of-content-id1227_aa54b0-69 .kb-table-of-content-wrap{padding-top:var(--global-kb-spacing-sm, 1.5rem);padding-right:var(--global-kb-spacing-sm, 1.5rem);padding-bottom:var(--global-kb-spacing-sm, 1.5rem);padding-left:var(--global-kb-spacing-sm, 1.5rem);}.kb-table-of-content-nav.kb-table-of-content-id1227_aa54b0-69 .kb-table-of-contents-title-wrap{padding-top:0px;padding-right:0px;padding-bottom:0px;padding-left:0px;}.kb-table-of-content-nav.kb-table-of-content-id1227_aa54b0-69 .kb-table-of-contents-title{font-size:var(--global-kb-font-size-lg, 2rem);font-weight:regular;font-style:normal;}.kb-table-of-content-nav.kb-table-of-content-id1227_aa54b0-69 .kb-table-of-content-wrap .kb-table-of-content-list{font-weight:regular;font-style:normal;margin-top:var(--global-kb-spacing-sm, 1.5rem);margin-right:0px;margin-bottom:0px;margin-left:0px;}<\/style>\n\n\n<h2 class=\"wp-block-heading\"><strong>1. JAKIE INFORMACJE ZBIERAMY?<\/strong><\/h2>\n\n\n\n<p>Dane osobowe przekazywane nam dobrowolnie<br>W skr\u00f3cie: Zbieramy dane osobowe, kt\u00f3re przekazujesz nam dobrowolnie.<\/p>\n\n\n\n<p>Zbieramy dane osobowe, kt\u00f3re przekazujesz nam dobrowolnie, gdy wyra\u017casz zainteresowanie uzyskaniem informacji o nas, naszych produktach lub Us\u0142ugach, gdy uczestniczysz w dzia\u0142aniach w ramach Us\u0142ug lub kontaktujesz si\u0119 z nami w inny spos\u00f3b.<\/p>\n\n\n\n<p><strong>Dane osobowe przekazane przez Ciebie.<\/strong> Zakres danych osobowych, kt\u00f3re zbieramy, zale\u017cy od kontekstu Twojej interakcji z nami, podejmowanych decyzji oraz produkt\u00f3w i funkcji, z kt\u00f3rych korzystasz. Dane te mog\u0105 obejmowa\u0107 m.in.:<\/p>\n\n\n\n<ul class=\"wp-block-list\">\n<li>imi\u0119 i nazwisko,<\/li>\n\n\n\n<li>numer telefonu,<\/li>\n\n\n\n<li>adres e-mail.<\/li>\n<\/ul>\n\n\n\n<p><strong>Dane wra\u017cliwe.<\/strong> Nie przetwarzamy danych wra\u017cliwych.<\/p>\n\n\n\n<p>Wszystkie dane osobowe, kt\u00f3re nam przekazujesz, musz\u0105 by\u0107 prawdziwe, kompletne i aktualne, a o wszelkich zmianach nale\u017cy nas niezw\u0142ocznie poinformowa\u0107.<\/p>\n\n\n\n<h3 class=\"wp-block-heading\"><strong>Dane zbierane automatycznie<\/strong><\/h3>\n\n\n\n<p><em><strong>W skr\u00f3cie: <\/strong>Niekt\u00f3re informacje \u2014 takie jak adres IP lub parametry przegl\u0105darki \u2014 s\u0105 zbierane automatycznie podczas korzystania z naszych Us\u0142ug.<\/em><\/p>\n\n\n\n<p>Podczas odwiedzania, korzystania lub poruszania si\u0119 po naszych Us\u0142ugach automatycznie zbieramy okre\u015blone informacje techniczne, kt\u00f3re nie ujawniaj\u0105 Twojej to\u017csamo\u015bci (takie jak imi\u0119 czy adres e-mail), lecz mog\u0105 obejmowa\u0107 dane dotycz\u0105ce urz\u0105dzenia i sposobu korzystania z Us\u0142ug: adres IP, charakterystyk\u0119 przegl\u0105darki, system operacyjny, preferencje j\u0119zykowe, kraj, lokalizacj\u0119, informacje o aktywno\u015bci, daty i godziny wizyt, przegl\u0105dane strony itp. Dane te s\u0142u\u017c\u0105 do utrzymania bezpiecze\u0144stwa i dzia\u0142ania Us\u0142ug, a tak\u017ce do cel\u00f3w analitycznych.<\/p>\n\n\n\n<p>Podobnie jak wiele firm, korzystamy z plik\u00f3w cookie i podobnych technologii \u015bledz\u0105cych.<\/p>\n\n\n\n<p>Zbierane automatycznie dane obejmuj\u0105:<\/p>\n\n\n\n<ul class=\"wp-block-list\">\n<li>Dane dziennika i u\u017cytkowania (logi serwera, b\u0142\u0119dy, aktywno\u015b\u0107, adres IP, czas trwania sesji itp.),<\/li>\n\n\n\n<li>Dane urz\u0105dzenia (model urz\u0105dzenia, przegl\u0105darka, operator sieci, identyfikator aplikacji itp.),<\/li>\n\n\n\n<li>Dane lokalizacyjne (dok\u0142adne lub przybli\u017cone, w zale\u017cno\u015bci od ustawie\u0144 urz\u0105dzenia).<\/li>\n<\/ul>\n\n\n\n<p>Mo\u017cesz wy\u0142\u0105czy\u0107 udost\u0119pnianie lokalizacji, ale mo\u017ce to ograniczy\u0107 niekt\u00f3re funkcje Us\u0142ug.<\/p>\n\n\n\n<h2 class=\"wp-block-heading\"><strong>2. W JAKI SPOS\u00d3B PRZETWARZAMY TWOJE DANE?<\/strong><\/h2>\n\n\n\n<p><em><strong>W skr\u00f3cie:<\/strong> Przetwarzamy Twoje dane, aby \u015bwiadczy\u0107, ulepsza\u0107 i administrowa\u0107 Us\u0142ugi, komunikowa\u0107 si\u0119 z Tob\u0105, zapewnia\u0107 bezpiecze\u0144stwo i zgodno\u015b\u0107 z prawem.<\/em><\/p>\n\n\n\n<p><strong>Przetwarzamy Twoje dane osobowe w r\u00f3\u017cnych celach, w zale\u017cno\u015bci od tego, jak korzystasz z naszych Us\u0142ug, m.in.:<\/strong><\/p>\n\n\n\n<ul class=\"wp-block-list\">\n<li>w celu wysy\u0142ania wiadomo\u015bci marketingowych i promocyjnych (zgodnie z Twoimi preferencjami),<\/li>\n\n\n\n<li>w celu ochrony \u017cywotnych interes\u00f3w osoby fizycznej, np. zapobiegania szkodom.<\/li>\n<\/ul>\n\n\n\n<h2 class=\"wp-block-heading\"><strong>3. NA JAKIEJ PODSTAWIE PRAWNEJ PRZETWARZAMY DANE?<\/strong><\/h2>\n\n\n\n<p><em><strong>W skr\u00f3cie: <\/strong>Przetwarzamy dane tylko wtedy, gdy mamy ku temu uzasadnion\u0105 podstaw\u0119 prawn\u0105 \u2013 np. zgod\u0119, obowi\u0105zek prawny, wykonanie umowy lub uzasadniony interes.<\/em><\/p>\n\n\n\n<p>Zgodnie z RODO (GDPR i UK GDPR) przetwarzamy dane osobowe w oparciu o nast\u0119puj\u0105ce podstawy prawne:<\/p>\n\n\n\n<ul class=\"wp-block-list\">\n<li>Zgoda \u2013 przetwarzanie danych za Twoj\u0105 zgod\u0105 (mo\u017cna j\u0105 wycofa\u0107 w dowolnym momencie).<\/li>\n\n\n\n<li>Uzasadniony interes \u2013 przetwarzanie danych w celach biznesowych, takich jak komunikacja marketingowa.<\/li>\n\n\n\n<li>Obowi\u0105zek prawny \u2013 wype\u0142nienie obowi\u0105zk\u00f3w wynikaj\u0105cych z przepis\u00f3w prawa.<\/li>\n\n\n\n<li>\u017bywotny interes \u2013 ochrona interes\u00f3w Twoich lub innych os\u00f3b (np. bezpiecze\u0144stwo).<\/li>\n<\/ul>\n\n\n\n<h2 class=\"wp-block-heading\"><strong>4. KIEDY I KOMU UDOST\u0118PNIAMY DANE OSOBOWE?<\/strong><\/h2>\n\n\n\n<p><em><strong>W skr\u00f3cie:<\/strong> Mo\u017cemy udost\u0119pnia\u0107 dane okre\u015blonym podmiotom trzecim, je\u015bli jest to konieczne do \u015bwiadczenia us\u0142ug lub zgodne z prawem.<\/em><\/p>\n\n\n\n<p>Dane mog\u0105 by\u0107 udost\u0119pniane wy\u0142\u0105cznie:<br>\u2022 dostawcom us\u0142ug technicznych i hostingowych,<br>\u2022 sieciom reklamowym,<br>\u2022 konsultantom i podwykonawcom \u015bwiadcz\u0105cym us\u0142ugi na nasz\u0105 rzecz,<br>\u2022 w sytuacjach fuzji, przej\u0119cia lub sprzeda\u017cy aktyw\u00f3w firmy.<\/p>\n\n\n\n<p>Ka\u017cdy podmiot przetwarzaj\u0105cy dane w naszym imieniu jest zobowi\u0105zany do zachowania poufno\u015bci i przestrzegania um\u00f3w o ochronie danych.<\/p>\n\n\n\n<h2 class=\"wp-block-heading\"><strong>5. NASZE PODEJ\u015aCIE DO STRON I US\u0141UG ZEWN\u0118TRZNYCH<\/strong><\/h2>\n\n\n\n<p><strong>W skr\u00f3cie<\/strong>: Nie ponosimy odpowiedzialno\u015bci za dane udost\u0119pniane podmiotom trzecim, do kt\u00f3rych prowadz\u0105 linki z naszej strony.<\/p>\n\n\n\n<p>Nasze Us\u0142ugi mog\u0105 zawiera\u0107 odno\u015bniki do stron, aplikacji lub us\u0142ug podmiot\u00f3w trzecich. Nie mamy wp\u0142ywu na ich polityki prywatno\u015bci i nie ponosimy odpowiedzialno\u015bci za dane przekazywane takim podmiotom. Zach\u0119camy do zapoznania si\u0119 z politykami prywatno\u015bci tych stron przed udost\u0119pnieniem im jakichkolwiek danych.<\/p>\n\n\n\n<h2 class=\"wp-block-heading\"><strong>6. CZY U\u017bYWAMY PLIK\u00d3W COOKIE I INNYCH TECHNOLOGII \u015aLEDZ\u0104CYCH?<\/strong><\/h2>\n\n\n\n<p><em><strong>W skr\u00f3cie:<\/strong> Tak, u\u017cywamy plik\u00f3w cookie i podobnych technologii do gromadzenia i przechowywania informacji.<\/em><\/p>\n\n\n\n<p>Korzystamy z plik\u00f3w cookie oraz technologii takich jak piksele i znaczniki sieciowe w celach analitycznych, bezpiecze\u0144stwa oraz personalizacji tre\u015bci. Umo\u017cliwiamy te\u017c firmom trzecim (np. Google Analytics) korzystanie z tych technologii w celach reklamowych. Szczeg\u00f3\u0142owe informacje znajduj\u0105 si\u0119 w naszej Polityce dotycz\u0105cej plik\u00f3w cookie.<\/p>\n\n\n\n<h3 class=\"wp-block-heading\"><strong>Google Analytics<\/strong><\/h3>\n\n\n\n<p>&nbsp;We may share your information with Google Analytics to track and&nbsp;analyse&nbsp;the use of the Services.&nbsp;The Google Analytics Advertising Features that we may use include:&nbsp;Remarketing with Google Analytics&nbsp;and&nbsp;Google Display Network Impressions Reporting.&nbsp;To opt out of being tracked by Google Analytics across the Services, visit&nbsp;<a href=\"https:\/\/tools.google.com\/dlpage\/gaoptout\" rel=\"noreferrer noopener\" target=\"_blank\">https:\/\/tools.google.com\/dlpage\/gaoptout<\/a>.&nbsp;You can opt out of Google Analytics Advertising Features through&nbsp;<a href=\"https:\/\/adssettings.google.com\/\" rel=\"noreferrer noopener\" target=\"_blank\">Ads Settings<\/a>&nbsp;and Ad Settings for mobile apps. Other opt out means include&nbsp;<a href=\"http:\/\/optout.networkadvertising.org\/\" rel=\"noreferrer noopener\" target=\"_blank\">http:\/\/optout.networkadvertising.org\/<\/a>&nbsp;i&nbsp;<a href=\"http:\/\/www.networkadvertising.org\/mobile-choice\" rel=\"noreferrer noopener\" target=\"_blank\">http:\/\/www.networkadvertising.org\/mobile-choice<\/a>.&nbsp;For more information on the privacy practices of Google, please visit the&nbsp;<a href=\"https:\/\/policies.google.com\/privacy\" rel=\"noreferrer noopener\" target=\"_blank\">Google Privacy &amp; Terms page<\/a>.<\/p>\n\n\n\n<h2 class=\"wp-block-heading\"><strong>7. JAK D\u0141UGO PRZECHOWUJEMY TWOJE DANE?<\/strong><\/h2>\n\n\n\n<p><em><strong>W skr\u00f3cie:<\/strong> Przechowujemy dane tak d\u0142ugo, jak jest to niezb\u0119dne do cel\u00f3w opisanych w niniejszej Polityce lub wymagane przez prawo.<\/em><\/p>\n\n\n\n<p>Po zako\u0144czeniu cel\u00f3w przetwarzania dane s\u0105 usuwane lub anonimizowane, chyba \u017ce przepisy prawa wymagaj\u0105 d\u0142u\u017cszego przechowywania (np. obowi\u0105zki ksi\u0119gowe).<\/p>\n\n\n\n<h2 class=\"wp-block-heading\"><strong>8. JAK CHRONIMY TWOJE DANE?<\/strong><\/h2>\n\n\n\n<p><em><strong>W skr\u00f3cie:<\/strong> Stosujemy odpowiednie \u015brodki organizacyjne i techniczne w celu zabezpieczenia danych.<\/em><\/p>\n\n\n\n<p>Korzystamy z szyfrowania, system\u00f3w kontroli dost\u0119pu i audyt\u00f3w bezpiecze\u0144stwa. Pomimo tych dzia\u0142a\u0144 \u017cadna transmisja internetowa nie jest ca\u0142kowicie bezpieczna, dlatego zach\u0119camy do korzystania z Us\u0142ug w bezpiecznym \u015brodowisku.<\/p>\n\n\n\n<h2 class=\"wp-block-heading\"><strong>9. CZY ZBIERAMY DANE NIELETNICH?<\/strong><\/h2>\n\n\n\n<p><em><strong>W skr\u00f3cie: <\/strong>Nie zbieramy danych dzieci poni\u017cej 18. roku \u017cycia.<\/em><\/p>\n\n\n\n<p>Nie kierujemy naszych Us\u0142ug do os\u00f3b poni\u017cej 18 lat. Je\u015bli dowiemy si\u0119, \u017ce takie dane zosta\u0142y przypadkowo zebrane, natychmiast je usuniemy. Rodzice lub opiekunowie mog\u0105 skontaktowa\u0107 si\u0119 z nami w tej sprawie pod adresem hello@nishamanufacturing.com.<\/p>\n\n\n\n<h2 class=\"wp-block-heading\"><strong>10. JAKIE MASZ PRAWA W ZAKRESIE PRYWATNO\u015aCI?<\/strong><\/h2>\n\n\n\n<p><em><strong>W skr\u00f3cie:<\/strong> Mo\u017cesz uzyska\u0107 dost\u0119p do swoich danych, poprawi\u0107 je, usun\u0105\u0107 lub ograniczy\u0107 ich przetwarzanie.<\/em><\/p>\n\n\n\n<p>Masz prawo do:<br>\u2022 dost\u0119pu do swoich danych i otrzymania ich kopii,<br>\u2022 sprostowania lub usuni\u0119cia danych,<br>\u2022 ograniczenia lub sprzeciwu wobec przetwarzania,<br>\u2022 przenoszenia danych,<br>\u2022 cofni\u0119cia zgody na przetwarzanie danych.<\/p>\n\n\n\n<p>Aby skorzysta\u0107 z tych praw, skontaktuj si\u0119 z nami: hello@nishamanufacturing.com. Masz r\u00f3wnie\u017c prawo do z\u0142o\u017cenia skargi do organu nadzorczego ds. ochrony danych.<\/p>\n\n\n\n<h2 class=\"wp-block-heading\"><strong>11. FUNKCJA \u201eNIE \u015aLED\u0179\u201d (DO NOT TRACK)<\/strong><\/h2>\n\n\n\n<p>Niekt\u00f3re przegl\u0105darki i systemy oferuj\u0105 funkcj\u0119 \u201eDo Not Track\u201d. Obecnie nie stosujemy mechanizm\u00f3w automatycznego reagowania na sygna\u0142y DNT, jednak je\u015bli standard taki zostanie wprowadzony w przysz\u0142o\u015bci, poinformujemy o tym w aktualizacji niniejszej Polityki.<\/p>\n\n\n\n<h2 class=\"wp-block-heading\"><strong>12. CZY AKTUALIZUJEMY NINIEJSZ\u0104 POLITYK\u0118?<\/strong><\/h2>\n\n\n\n<p><em><strong>W skr\u00f3cie:<\/strong> Tak, okresowo aktualizujemy niniejszy dokument, aby zachowa\u0107 zgodno\u015b\u0107 z obowi\u0105zuj\u0105cymi przepisami.<\/em><\/p>\n\n\n\n<p>Ka\u017cda nowa wersja b\u0119dzie oznaczona dat\u0105 aktualizacji. W przypadku istotnych zmian poinformujemy o tym u\u017cytkownik\u00f3w poprzez stron\u0119 internetow\u0105 lub wiadomo\u015b\u0107 e-mail.<\/p>\n\n\n\n<h2 class=\"wp-block-heading\"><strong>13. JAK SI\u0118 Z NAMI SKONTAKTOWA\u0106?<\/strong><\/h2>\n\n\n\n<p>W razie pyta\u0144 dotycz\u0105cych tej Polityki skontaktuj si\u0119 z nami:<\/p>\n\n\n\n<p>Nisha Ryglewicz&nbsp;sp.k.<br>Kasprowicza 4<br>62-040 Puszczykowo, Polska<\/p>\n\n\n\n<h2 class=\"wp-block-heading\"><strong>14. JAK PRZEJRZE\u0106, ZAKTUALIZOWA\u0106 LUB USUN\u0104\u0106 SWOJE DANE?<\/strong><\/h2>\n\n\n\n<p>W zale\u017cno\u015bci od obowi\u0105zuj\u0105cego prawa mo\u017cesz \u017c\u0105da\u0107 dost\u0119pu, poprawienia lub usuni\u0119cia swoich danych osobowych, a tak\u017ce wycofania zgody na ich przetwarzanie. W tym celu nale\u017cy przes\u0142a\u0107 wniosek o dost\u0119p do danych na adres hello@nishamanufacturing.com.<\/p>\n\n\n\n<p><\/p>\n<\/div><\/div>\n\n\n\n<p><\/p>","protected":false},"excerpt":{"rendered":"<p>Last updated&nbsp;March 11, 2025 This Privacy Notice for\u00a0Nisha Ryglewicz\u00a0sp.k.\u00a0(\u2018we\u2018, \u2018us\u2018, or \u2018our\u2018), describes how and why we might access, collect, store, use, and\/or share (\u2018process\u2018) your personal information when you use our services (\u2018Services\u2018), including when you: Questions or concerns?&nbsp;Reading this Privacy Notice will help you understand your privacy rights and choices. We are responsible&#8230;<\/p>","protected":false},"author":1,"featured_media":0,"parent":0,"menu_order":0,"comment_status":"closed","ping_status":"closed","template":"","meta":{"_kad_blocks_custom_css":"\/* Ukryj pierwsze 15 element\u00f3w tylko dla j\u0119zyka pl-PL *\/\r\nhtml[lang=\"pl-PL\"] .faq-block li:nth-child(-n+15) {\r\n  display: none;\r\n}\r\n\r\n\/* Dla innych j\u0119zyk\u00f3w \u2014 ukryj elementy od 16 do 30 *\/\r\nhtml:not([lang=\"pl-PL\"]) .faq-block li:nth-child(n+16):nth-child(-n+30) {\r\n  display: none;\r\n}\r\n","_kad_blocks_head_custom_js":"","_kad_blocks_body_custom_js":"","_kad_blocks_footer_custom_js":"","_kad_post_transparent":"","_kad_post_title":"","_kad_post_layout":"","_kad_post_sidebar_id":"","_kad_post_content_style":"","_kad_post_vertical_padding":"","_kad_post_feature":"","_kad_post_feature_position":"","_kad_post_header":false,"_kad_post_footer":false,"footnotes":""},"class_list":["post-1227","page","type-page","status-publish","hentry"],"taxonomy_info":[],"featured_image_src_large":false,"author_info":{"display_name":"Nisha","author_link":"https:\/\/nishamanufacturing.com\/pl\/author\/adm-ni-sha\/"},"comment_info":0,"_links":{"self":[{"href":"https:\/\/nishamanufacturing.com\/pl\/wp-json\/wp\/v2\/pages\/1227","targetHints":{"allow":["GET"]}}],"collection":[{"href":"https:\/\/nishamanufacturing.com\/pl\/wp-json\/wp\/v2\/pages"}],"about":[{"href":"https:\/\/nishamanufacturing.com\/pl\/wp-json\/wp\/v2\/types\/page"}],"author":[{"embeddable":true,"href":"https:\/\/nishamanufacturing.com\/pl\/wp-json\/wp\/v2\/users\/1"}],"replies":[{"embeddable":true,"href":"https:\/\/nishamanufacturing.com\/pl\/wp-json\/wp\/v2\/comments?post=1227"}],"version-history":[{"count":12,"href":"https:\/\/nishamanufacturing.com\/pl\/wp-json\/wp\/v2\/pages\/1227\/revisions"}],"predecessor-version":[{"id":3311,"href":"https:\/\/nishamanufacturing.com\/pl\/wp-json\/wp\/v2\/pages\/1227\/revisions\/3311"}],"wp:attachment":[{"href":"https:\/\/nishamanufacturing.com\/pl\/wp-json\/wp\/v2\/media?parent=1227"}],"curies":[{"name":"wp","href":"https:\/\/api.w.org\/{rel}","templated":true}]}}